{"id":14164,"date":"2025-12-02T12:38:14","date_gmt":"2025-12-02T17:38:14","guid":{"rendered":"https:\/\/mazmanuelaalvarez.com\/?post_type=product&#038;p=14164"},"modified":"2025-12-02T13:56:58","modified_gmt":"2025-12-02T18:56:58","slug":"vestido-camisero-manga-presillas-copy","status":"publish","type":"product","link":"https:\/\/mazmanuelaalvarez.com\/es\/producto\/vestido-camisero-manga-presillas-copy\/","title":{"rendered":"VESTIDO CAMISERO MANGA PRESILLAS"},"content":{"rendered":"","protected":false},"excerpt":{"rendered":"<p>Vestido camisero confeccionado en lino Mondrian 100%. De silueta asim\u00e9trica, m\u00e1s corto al frente y con una cola larga en la parte posterior. Con cuello japon\u00e9s, pu\u00f1os con presillas hechas a mano y botones de concha n\u00e1car.<\/p>\n","protected":false},"featured_media":13634,"comment_status":"closed","ping_status":"closed","template":"","meta":[],"product_cat":[296,165],"product_tag":[298,217],"class_list":{"0":"post-14164","1":"product","2":"type-product","3":"status-publish","4":"has-post-thumbnail","6":"product_cat-alma-feral-es","7":"product_cat-camisas","8":"product_tag-lino","9":"product_tag-vestidos","11":"first","12":"instock","13":"featured","14":"shipping-taxable","15":"purchasable","16":"product-type-variable"},"_links":{"self":[{"href":"https:\/\/mazmanuelaalvarez.com\/es\/wp-json\/wp\/v2\/product\/14164","targetHints":{"allow":["GET"]}}],"collection":[{"href":"https:\/\/mazmanuelaalvarez.com\/es\/wp-json\/wp\/v2\/product"}],"about":[{"href":"https:\/\/mazmanuelaalvarez.com\/es\/wp-json\/wp\/v2\/types\/product"}],"replies":[{"embeddable":true,"href":"https:\/\/mazmanuelaalvarez.com\/es\/wp-json\/wp\/v2\/comments?post=14164"}],"wp:featuredmedia":[{"embeddable":true,"href":"https:\/\/mazmanuelaalvarez.com\/es\/wp-json\/wp\/v2\/media\/13634"}],"wp:attachment":[{"href":"https:\/\/mazmanuelaalvarez.com\/es\/wp-json\/wp\/v2\/media?parent=14164"}],"wp:term":[{"taxonomy":"product_cat","embeddable":true,"href":"https:\/\/mazmanuelaalvarez.com\/es\/wp-json\/wp\/v2\/product_cat?post=14164"},{"taxonomy":"product_tag","embeddable":true,"href":"https:\/\/mazmanuelaalvarez.com\/es\/wp-json\/wp\/v2\/product_tag?post=14164"}],"curies":[{"name":"wp","href":"https:\/\/api.w.org\/{rel}","templated":true}]}}