{"id":14138,"date":"2025-12-02T12:37:42","date_gmt":"2025-12-02T17:37:42","guid":{"rendered":"https:\/\/mazmanuelaalvarez.com\/?post_type=product&#038;p=14138"},"modified":"2025-12-02T13:57:15","modified_gmt":"2025-12-02T18:57:15","slug":"camisa-lino-alma-feral-copy","status":"publish","type":"product","link":"https:\/\/mazmanuelaalvarez.com\/es\/producto\/camisa-lino-alma-feral-copy\/","title":{"rendered":"CAMISA LINO ALMA FERAL"},"content":{"rendered":"","protected":false},"excerpt":{"rendered":"<p>Camisa en 100% lino con nuestra silueta ic\u00f3nica de monta\u00f1a en una forma amplia y elongada que se extiende a lo largo del frente central. Inspirada en los paisajes de los Andes colombianos, esta pieza traduce las geometr\u00edas naturales en un dise\u00f1o contempor\u00e1neo y atemporal.<\/p>\n","protected":false},"featured_media":13880,"comment_status":"closed","ping_status":"closed","template":"","meta":[],"product_cat":[296,165],"product_tag":[252,298],"class_list":{"0":"post-14138","1":"product","2":"type-product","3":"status-publish","4":"has-post-thumbnail","6":"product_cat-alma-feral-es","7":"product_cat-camisas","8":"product_tag-camisero","9":"product_tag-lino","11":"first","12":"instock","13":"featured","14":"shipping-taxable","15":"purchasable","16":"product-type-variable"},"_links":{"self":[{"href":"https:\/\/mazmanuelaalvarez.com\/es\/wp-json\/wp\/v2\/product\/14138","targetHints":{"allow":["GET"]}}],"collection":[{"href":"https:\/\/mazmanuelaalvarez.com\/es\/wp-json\/wp\/v2\/product"}],"about":[{"href":"https:\/\/mazmanuelaalvarez.com\/es\/wp-json\/wp\/v2\/types\/product"}],"replies":[{"embeddable":true,"href":"https:\/\/mazmanuelaalvarez.com\/es\/wp-json\/wp\/v2\/comments?post=14138"}],"wp:featuredmedia":[{"embeddable":true,"href":"https:\/\/mazmanuelaalvarez.com\/es\/wp-json\/wp\/v2\/media\/13880"}],"wp:attachment":[{"href":"https:\/\/mazmanuelaalvarez.com\/es\/wp-json\/wp\/v2\/media?parent=14138"}],"wp:term":[{"taxonomy":"product_cat","embeddable":true,"href":"https:\/\/mazmanuelaalvarez.com\/es\/wp-json\/wp\/v2\/product_cat?post=14138"},{"taxonomy":"product_tag","embeddable":true,"href":"https:\/\/mazmanuelaalvarez.com\/es\/wp-json\/wp\/v2\/product_tag?post=14138"}],"curies":[{"name":"wp","href":"https:\/\/api.w.org\/{rel}","templated":true}]}}