{"id":14112,"date":"2025-12-02T12:37:07","date_gmt":"2025-12-02T17:37:07","guid":{"rendered":"https:\/\/mazmanuelaalvarez.com\/?post_type=product&#038;p=14112"},"modified":"2025-12-02T13:57:33","modified_gmt":"2025-12-02T18:57:33","slug":"camiseta-surcos-tulipan-copy","status":"publish","type":"product","link":"https:\/\/mazmanuelaalvarez.com\/es\/producto\/camiseta-surcos-tulipan-copy\/","title":{"rendered":"CAMISETA SURCOS TULIPAN"},"content":{"rendered":"","protected":false},"excerpt":{"rendered":"<p>Vestido largo tejido a rayas bicolor, que integra dos elementos ic\u00f3nicos de MAZ Manuela \u00c1lvarez: el contraste gr\u00e1fico de las rayas tejidas en dos tonos en tejido de punto de m\u00e1quina manual y sus mangas voluminosas en forma de caracol. Concebido como una pieza reversible, puede usarse tanto al frente como al rev\u00e9s.<\/p>\n","protected":false},"featured_media":13962,"comment_status":"closed","ping_status":"closed","template":"","meta":[],"product_cat":[296,303],"product_tag":[258],"class_list":{"0":"post-14112","1":"product","2":"type-product","3":"status-publish","4":"has-post-thumbnail","6":"product_cat-alma-feral-es","7":"product_cat-camisetas","8":"product_tag-t-shirt-es","10":"first","11":"instock","12":"featured","13":"shipping-taxable","14":"purchasable","15":"product-type-variable"},"_links":{"self":[{"href":"https:\/\/mazmanuelaalvarez.com\/es\/wp-json\/wp\/v2\/product\/14112","targetHints":{"allow":["GET"]}}],"collection":[{"href":"https:\/\/mazmanuelaalvarez.com\/es\/wp-json\/wp\/v2\/product"}],"about":[{"href":"https:\/\/mazmanuelaalvarez.com\/es\/wp-json\/wp\/v2\/types\/product"}],"replies":[{"embeddable":true,"href":"https:\/\/mazmanuelaalvarez.com\/es\/wp-json\/wp\/v2\/comments?post=14112"}],"wp:featuredmedia":[{"embeddable":true,"href":"https:\/\/mazmanuelaalvarez.com\/es\/wp-json\/wp\/v2\/media\/13962"}],"wp:attachment":[{"href":"https:\/\/mazmanuelaalvarez.com\/es\/wp-json\/wp\/v2\/media?parent=14112"}],"wp:term":[{"taxonomy":"product_cat","embeddable":true,"href":"https:\/\/mazmanuelaalvarez.com\/es\/wp-json\/wp\/v2\/product_cat?post=14112"},{"taxonomy":"product_tag","embeddable":true,"href":"https:\/\/mazmanuelaalvarez.com\/es\/wp-json\/wp\/v2\/product_tag?post=14112"}],"curies":[{"name":"wp","href":"https:\/\/api.w.org\/{rel}","templated":true}]}}