{"id":14086,"date":"2025-12-02T12:34:24","date_gmt":"2025-12-02T17:34:24","guid":{"rendered":"https:\/\/mazmanuelaalvarez.com\/?post_type=product&#038;p=14086"},"modified":"2025-12-02T13:58:09","modified_gmt":"2025-12-02T18:58:09","slug":"camiseta-recogida-cuello-trenza-copy","status":"publish","type":"product","link":"https:\/\/mazmanuelaalvarez.com\/es\/producto\/camiseta-recogida-cuello-trenza-copy\/","title":{"rendered":"CAMISETA RECOGIDA CUELLO TRENZA"},"content":{"rendered":"","protected":false},"excerpt":{"rendered":"<p>Definida por un detalle fruncido en el costado derecho de la cintura, esta camiseta genera pliegues diagonales que se extienden hacia el lado izquierdo m\u00e1s largo, aportando movimiento y asimetr\u00eda al dise\u00f1o. El escote se realza con la trenza tejida a mano caracter\u00edstica de MAZ.<\/p>\n","protected":false},"featured_media":13756,"comment_status":"closed","ping_status":"closed","template":"","meta":[],"product_cat":[296,303,165],"product_tag":[258],"class_list":{"0":"post-14086","1":"product","2":"type-product","3":"status-publish","4":"has-post-thumbnail","6":"product_cat-alma-feral-es","7":"product_cat-camisetas","8":"product_cat-camisas","9":"product_tag-t-shirt-es","11":"first","12":"instock","13":"featured","14":"shipping-taxable","15":"purchasable","16":"product-type-variable"},"_links":{"self":[{"href":"https:\/\/mazmanuelaalvarez.com\/es\/wp-json\/wp\/v2\/product\/14086","targetHints":{"allow":["GET"]}}],"collection":[{"href":"https:\/\/mazmanuelaalvarez.com\/es\/wp-json\/wp\/v2\/product"}],"about":[{"href":"https:\/\/mazmanuelaalvarez.com\/es\/wp-json\/wp\/v2\/types\/product"}],"replies":[{"embeddable":true,"href":"https:\/\/mazmanuelaalvarez.com\/es\/wp-json\/wp\/v2\/comments?post=14086"}],"wp:featuredmedia":[{"embeddable":true,"href":"https:\/\/mazmanuelaalvarez.com\/es\/wp-json\/wp\/v2\/media\/13756"}],"wp:attachment":[{"href":"https:\/\/mazmanuelaalvarez.com\/es\/wp-json\/wp\/v2\/media?parent=14086"}],"wp:term":[{"taxonomy":"product_cat","embeddable":true,"href":"https:\/\/mazmanuelaalvarez.com\/es\/wp-json\/wp\/v2\/product_cat?post=14086"},{"taxonomy":"product_tag","embeddable":true,"href":"https:\/\/mazmanuelaalvarez.com\/es\/wp-json\/wp\/v2\/product_tag?post=14086"}],"curies":[{"name":"wp","href":"https:\/\/api.w.org\/{rel}","templated":true}]}}