{"id":14060,"date":"2025-12-02T12:33:02","date_gmt":"2025-12-02T17:33:02","guid":{"rendered":"https:\/\/mazmanuelaalvarez.com\/?post_type=product&#038;p=14060"},"modified":"2025-12-02T13:58:27","modified_gmt":"2025-12-02T18:58:27","slug":"camiseta-una-manga-cuello-trenza-copy","status":"publish","type":"product","link":"https:\/\/mazmanuelaalvarez.com\/es\/producto\/camiseta-una-manga-cuello-trenza-copy\/","title":{"rendered":"CAMISETA UNA MANGA CUELLO TRENZA"},"content":{"rendered":"","protected":false},"excerpt":{"rendered":"<p>La silueta cl\u00e1sica de la camiseta en una versi\u00f3n contempor\u00e1nea. Presenta una sola manga que crea un equilibrio asim\u00e9trico y una trenza tejida a mano en el escote, s\u00edmbolo de la continuidad y la preservaci\u00f3n de la sabidur\u00eda y la tradici\u00f3n en la cultura latinoamericana. Una pieza audaz y vers\u00e1til que encapsula la esencia de MAZ.<\/p>\n","protected":false},"featured_media":13714,"comment_status":"closed","ping_status":"closed","template":"","meta":[],"product_cat":[296,303,165],"product_tag":[258],"class_list":{"0":"post-14060","1":"product","2":"type-product","3":"status-publish","4":"has-post-thumbnail","6":"product_cat-alma-feral-es","7":"product_cat-camisetas","8":"product_cat-camisas","9":"product_tag-t-shirt-es","11":"first","12":"instock","13":"featured","14":"shipping-taxable","15":"purchasable","16":"product-type-variable"},"_links":{"self":[{"href":"https:\/\/mazmanuelaalvarez.com\/es\/wp-json\/wp\/v2\/product\/14060","targetHints":{"allow":["GET"]}}],"collection":[{"href":"https:\/\/mazmanuelaalvarez.com\/es\/wp-json\/wp\/v2\/product"}],"about":[{"href":"https:\/\/mazmanuelaalvarez.com\/es\/wp-json\/wp\/v2\/types\/product"}],"replies":[{"embeddable":true,"href":"https:\/\/mazmanuelaalvarez.com\/es\/wp-json\/wp\/v2\/comments?post=14060"}],"wp:featuredmedia":[{"embeddable":true,"href":"https:\/\/mazmanuelaalvarez.com\/es\/wp-json\/wp\/v2\/media\/13714"}],"wp:attachment":[{"href":"https:\/\/mazmanuelaalvarez.com\/es\/wp-json\/wp\/v2\/media?parent=14060"}],"wp:term":[{"taxonomy":"product_cat","embeddable":true,"href":"https:\/\/mazmanuelaalvarez.com\/es\/wp-json\/wp\/v2\/product_cat?post=14060"},{"taxonomy":"product_tag","embeddable":true,"href":"https:\/\/mazmanuelaalvarez.com\/es\/wp-json\/wp\/v2\/product_tag?post=14060"}],"curies":[{"name":"wp","href":"https:\/\/api.w.org\/{rel}","templated":true}]}}