{"id":12769,"date":"2025-07-15T11:00:09","date_gmt":"2025-07-15T16:00:09","guid":{"rendered":"https:\/\/mazmanuelaalvarez.com\/?post_type=product&#038;p=12769"},"modified":"2025-07-15T11:42:42","modified_gmt":"2025-07-15T16:42:42","slug":"camiseta-trenza-manga-corta-copy","status":"publish","type":"product","link":"https:\/\/mazmanuelaalvarez.com\/es\/producto\/camiseta-trenza-manga-corta-copy\/","title":{"rendered":"CAMISETA TRENZA MANGA LARGA"},"content":{"rendered":"","protected":false},"excerpt":{"rendered":"<p><span style=\"font-weight: 400;\">La cl\u00e1sica silueta de una camiseta manga larga reinventada con la esencia de MAZ. La trenza en el cuello, tejida a mano en rib, simboliza la continuidad y preservaci\u00f3n de la sabidur\u00eda y la tradici\u00f3n en la cultura latinoamericana, mientras los pliegues en los hombros inspiran poder en un dise\u00f1o simple pero vers\u00e1til. <\/span><\/p>\n","protected":false},"featured_media":12787,"comment_status":"closed","ping_status":"closed","template":"","meta":[],"product_cat":[303,240],"product_tag":[258,245],"class_list":{"0":"post-12769","1":"product","2":"type-product","3":"status-publish","4":"has-post-thumbnail","6":"product_cat-camisetas","7":"product_cat-la-alquimista-es","8":"product_tag-t-shirt-es","9":"product_tag-tops-es","11":"first","12":"instock","13":"featured","14":"shipping-taxable","15":"purchasable","16":"product-type-variable"},"_links":{"self":[{"href":"https:\/\/mazmanuelaalvarez.com\/es\/wp-json\/wp\/v2\/product\/12769","targetHints":{"allow":["GET"]}}],"collection":[{"href":"https:\/\/mazmanuelaalvarez.com\/es\/wp-json\/wp\/v2\/product"}],"about":[{"href":"https:\/\/mazmanuelaalvarez.com\/es\/wp-json\/wp\/v2\/types\/product"}],"replies":[{"embeddable":true,"href":"https:\/\/mazmanuelaalvarez.com\/es\/wp-json\/wp\/v2\/comments?post=12769"}],"wp:featuredmedia":[{"embeddable":true,"href":"https:\/\/mazmanuelaalvarez.com\/es\/wp-json\/wp\/v2\/media\/12787"}],"wp:attachment":[{"href":"https:\/\/mazmanuelaalvarez.com\/es\/wp-json\/wp\/v2\/media?parent=12769"}],"wp:term":[{"taxonomy":"product_cat","embeddable":true,"href":"https:\/\/mazmanuelaalvarez.com\/es\/wp-json\/wp\/v2\/product_cat?post=12769"},{"taxonomy":"product_tag","embeddable":true,"href":"https:\/\/mazmanuelaalvarez.com\/es\/wp-json\/wp\/v2\/product_tag?post=12769"}],"curies":[{"name":"wp","href":"https:\/\/api.w.org\/{rel}","templated":true}]}}