{"id":11034,"date":"2025-04-21T19:36:50","date_gmt":"2025-04-22T00:36:50","guid":{"rendered":"https:\/\/mazmanuelaalvarez.com\/?post_type=product&#038;p=11034"},"modified":"2025-04-21T19:36:50","modified_gmt":"2025-04-22T00:36:50","slug":"pantalon-traje-telar-puente-copy-copy","status":"publish","type":"product","link":"https:\/\/mazmanuelaalvarez.com\/es\/producto\/pantalon-traje-telar-puente-copy-copy\/","title":{"rendered":"PANTAL\u00d3N BICOLOR MONTA\u00d1AS CUERO"},"content":{"rendered":"","protected":false},"excerpt":{"rendered":"<p>Pantal\u00f3n inspirado en la silueta de las monta\u00f1as, confeccionado en cuero 100% colombiano. Su dise\u00f1o bicolor le da versatilidad e invita a jugar con diferentes combinaciones y estilos.<\/p>\n","protected":false},"featured_media":11050,"comment_status":"closed","ping_status":"closed","template":"","meta":[],"product_cat":[240,158],"product_tag":[223],"class_list":{"0":"post-11034","1":"product","2":"type-product","3":"status-publish","4":"has-post-thumbnail","6":"product_cat-la-alquimista-es","7":"product_cat-inferiores","8":"product_tag-pantalones-es","10":"first","11":"instock","12":"featured","13":"shipping-taxable","14":"purchasable","15":"product-type-variable"},"_links":{"self":[{"href":"https:\/\/mazmanuelaalvarez.com\/es\/wp-json\/wp\/v2\/product\/11034","targetHints":{"allow":["GET"]}}],"collection":[{"href":"https:\/\/mazmanuelaalvarez.com\/es\/wp-json\/wp\/v2\/product"}],"about":[{"href":"https:\/\/mazmanuelaalvarez.com\/es\/wp-json\/wp\/v2\/types\/product"}],"replies":[{"embeddable":true,"href":"https:\/\/mazmanuelaalvarez.com\/es\/wp-json\/wp\/v2\/comments?post=11034"}],"wp:featuredmedia":[{"embeddable":true,"href":"https:\/\/mazmanuelaalvarez.com\/es\/wp-json\/wp\/v2\/media\/11050"}],"wp:attachment":[{"href":"https:\/\/mazmanuelaalvarez.com\/es\/wp-json\/wp\/v2\/media?parent=11034"}],"wp:term":[{"taxonomy":"product_cat","embeddable":true,"href":"https:\/\/mazmanuelaalvarez.com\/es\/wp-json\/wp\/v2\/product_cat?post=11034"},{"taxonomy":"product_tag","embeddable":true,"href":"https:\/\/mazmanuelaalvarez.com\/es\/wp-json\/wp\/v2\/product_tag?post=11034"}],"curies":[{"name":"wp","href":"https:\/\/api.w.org\/{rel}","templated":true}]}}