{"id":10672,"date":"2025-04-21T19:36:50","date_gmt":"2025-04-22T00:36:50","guid":{"rendered":"https:\/\/mazmanuelaalvarez.com\/?post_type=product&#038;p=10672"},"modified":"2025-04-21T19:36:50","modified_gmt":"2025-04-22T00:36:50","slug":"saco-caracol-acordeon-copy","status":"publish","type":"product","link":"https:\/\/mazmanuelaalvarez.com\/es\/producto\/saco-caracol-acordeon-copy\/","title":{"rendered":"SACO CARACOL ACORDEON"},"content":{"rendered":"","protected":false},"excerpt":{"rendered":"<p><span style=\"font-weight: 400;\">Una de las piezas m\u00e1s elaboradas de la colecci\u00f3n, con una silueta inspirada en la forma del caracol. Su patronaje en c\u00edrculo perfecto se construy\u00f3 a partir de 16 piezas de diferentes tama\u00f1os que disminuyeron gradualmente su escala. Cada vena visible en el tejido es testimonio de un proceso artesanal \u00fanico: la tejedora crea un doble tejido al trabajar por un lado, girar el material y volver a tejer por el otro, aportando volumen, estructura y un acabado impecable a la prenda.<\/span><\/p>\n","protected":false},"featured_media":10688,"comment_status":"closed","ping_status":"closed","template":"","meta":[],"product_cat":[240,164,155],"product_tag":[254,243],"class_list":{"0":"post-10672","1":"product","2":"type-product","3":"status-publish","4":"has-post-thumbnail","6":"product_cat-la-alquimista-es","7":"product_cat-tejido-de-punto","8":"product_cat-sacos","9":"product_tag-sacos","10":"product_tag-tejido-de-punto","12":"first","13":"instock","14":"featured","15":"shipping-taxable","16":"purchasable","17":"product-type-variable"},"_links":{"self":[{"href":"https:\/\/mazmanuelaalvarez.com\/es\/wp-json\/wp\/v2\/product\/10672","targetHints":{"allow":["GET"]}}],"collection":[{"href":"https:\/\/mazmanuelaalvarez.com\/es\/wp-json\/wp\/v2\/product"}],"about":[{"href":"https:\/\/mazmanuelaalvarez.com\/es\/wp-json\/wp\/v2\/types\/product"}],"replies":[{"embeddable":true,"href":"https:\/\/mazmanuelaalvarez.com\/es\/wp-json\/wp\/v2\/comments?post=10672"}],"wp:featuredmedia":[{"embeddable":true,"href":"https:\/\/mazmanuelaalvarez.com\/es\/wp-json\/wp\/v2\/media\/10688"}],"wp:attachment":[{"href":"https:\/\/mazmanuelaalvarez.com\/es\/wp-json\/wp\/v2\/media?parent=10672"}],"wp:term":[{"taxonomy":"product_cat","embeddable":true,"href":"https:\/\/mazmanuelaalvarez.com\/es\/wp-json\/wp\/v2\/product_cat?post=10672"},{"taxonomy":"product_tag","embeddable":true,"href":"https:\/\/mazmanuelaalvarez.com\/es\/wp-json\/wp\/v2\/product_tag?post=10672"}],"curies":[{"name":"wp","href":"https:\/\/api.w.org\/{rel}","templated":true}]}}