{"id":10641,"date":"2025-04-21T19:36:51","date_gmt":"2025-04-22T00:36:51","guid":{"rendered":"https:\/\/mazmanuelaalvarez.com\/?post_type=product&#038;p=10641"},"modified":"2025-04-21T19:36:51","modified_gmt":"2025-04-22T00:36:51","slug":"pantalon-traje-telar-puente-copy","status":"publish","type":"product","link":"https:\/\/mazmanuelaalvarez.com\/es\/producto\/pantalon-traje-telar-puente-copy\/","title":{"rendered":"PANTAL\u00d3N TRAJE TELAR PUENTE"},"content":{"rendered":"","protected":false},"excerpt":{"rendered":"<p><span style=\"font-weight: 400;\">Un corte cl\u00e1sico y genderless. Tejido 100% a mano en telar horizontal, este dise\u00f1o combina trama y urdimbre en algod\u00f3n para dar vida al caracter\u00edstico tejido \u00abPuentes\u00bb de MAZ. Una pieza vers\u00e1til y adaptable que fusiona la frescura del tejido artesanal con el forro que cubre en ray\u00f3n. La bota estilo elefante y su confecci\u00f3n sin pretina permite que caiga de manera natural sobre la cadera, generando comodidad.<\/span><\/p>\n","protected":false},"featured_media":10654,"comment_status":"closed","ping_status":"closed","template":"","meta":[],"product_cat":[240,158],"product_tag":[223],"class_list":{"0":"post-10641","1":"product","2":"type-product","3":"status-publish","4":"has-post-thumbnail","6":"product_cat-la-alquimista-es","7":"product_cat-inferiores","8":"product_tag-pantalones-es","10":"first","11":"instock","12":"featured","13":"shipping-taxable","14":"purchasable","15":"product-type-variable"},"_links":{"self":[{"href":"https:\/\/mazmanuelaalvarez.com\/es\/wp-json\/wp\/v2\/product\/10641","targetHints":{"allow":["GET"]}}],"collection":[{"href":"https:\/\/mazmanuelaalvarez.com\/es\/wp-json\/wp\/v2\/product"}],"about":[{"href":"https:\/\/mazmanuelaalvarez.com\/es\/wp-json\/wp\/v2\/types\/product"}],"replies":[{"embeddable":true,"href":"https:\/\/mazmanuelaalvarez.com\/es\/wp-json\/wp\/v2\/comments?post=10641"}],"wp:featuredmedia":[{"embeddable":true,"href":"https:\/\/mazmanuelaalvarez.com\/es\/wp-json\/wp\/v2\/media\/10654"}],"wp:attachment":[{"href":"https:\/\/mazmanuelaalvarez.com\/es\/wp-json\/wp\/v2\/media?parent=10641"}],"wp:term":[{"taxonomy":"product_cat","embeddable":true,"href":"https:\/\/mazmanuelaalvarez.com\/es\/wp-json\/wp\/v2\/product_cat?post=10641"},{"taxonomy":"product_tag","embeddable":true,"href":"https:\/\/mazmanuelaalvarez.com\/es\/wp-json\/wp\/v2\/product_tag?post=10641"}],"curies":[{"name":"wp","href":"https:\/\/api.w.org\/{rel}","templated":true}]}}