{"id":10610,"date":"2025-04-21T19:36:51","date_gmt":"2025-04-22T00:36:51","guid":{"rendered":"https:\/\/mazmanuelaalvarez.com\/?post_type=product&#038;p=10610"},"modified":"2025-04-21T19:36:51","modified_gmt":"2025-04-22T00:36:51","slug":"blazer-traje-telar-puente-copy","status":"publish","type":"product","link":"https:\/\/mazmanuelaalvarez.com\/es\/producto\/blazer-traje-telar-puente-copy\/","title":{"rendered":"BLAZER TRAJE TELAR PUENTE"},"content":{"rendered":"","protected":false},"excerpt":{"rendered":"<p><span style=\"font-weight: 400;\">La interpretaci\u00f3n femenina del blazer cl\u00e1sico y sartorial masculino. Una pieza tejida 100% a mano en telar horizontal, donde la trama y la urdimbre en algod\u00f3n se combinan para crear el tejido \u201cpuentes\u201d de MAZ. La destreza artesanal del textil deja partes de la urdimbre sin trama, generando un efecto de transparencia que se fusiona con los cut-outs de los hombros para crear un silueta contempor\u00e1nea. El frente cruzado tiene una ca\u00edda sim\u00e9trica que desciende desde los costados hacia las puntas, las cuales reposan sobre cada pierna creando un acabado estructural.<\/span><\/p>\n","protected":false},"featured_media":10624,"comment_status":"closed","ping_status":"closed","template":"","meta":[],"product_cat":[240,163],"product_tag":[256,253],"class_list":{"0":"post-10610","1":"product","2":"type-product","3":"status-publish","4":"has-post-thumbnail","6":"product_cat-la-alquimista-es","7":"product_cat-abrigos-y-chaquetas","8":"product_tag-blazer-es","9":"product_tag-chaquetas","11":"first","12":"instock","13":"shipping-taxable","14":"purchasable","15":"product-type-variable"},"_links":{"self":[{"href":"https:\/\/mazmanuelaalvarez.com\/es\/wp-json\/wp\/v2\/product\/10610","targetHints":{"allow":["GET"]}}],"collection":[{"href":"https:\/\/mazmanuelaalvarez.com\/es\/wp-json\/wp\/v2\/product"}],"about":[{"href":"https:\/\/mazmanuelaalvarez.com\/es\/wp-json\/wp\/v2\/types\/product"}],"replies":[{"embeddable":true,"href":"https:\/\/mazmanuelaalvarez.com\/es\/wp-json\/wp\/v2\/comments?post=10610"}],"wp:featuredmedia":[{"embeddable":true,"href":"https:\/\/mazmanuelaalvarez.com\/es\/wp-json\/wp\/v2\/media\/10624"}],"wp:attachment":[{"href":"https:\/\/mazmanuelaalvarez.com\/es\/wp-json\/wp\/v2\/media?parent=10610"}],"wp:term":[{"taxonomy":"product_cat","embeddable":true,"href":"https:\/\/mazmanuelaalvarez.com\/es\/wp-json\/wp\/v2\/product_cat?post=10610"},{"taxonomy":"product_tag","embeddable":true,"href":"https:\/\/mazmanuelaalvarez.com\/es\/wp-json\/wp\/v2\/product_tag?post=10610"}],"curies":[{"name":"wp","href":"https:\/\/api.w.org\/{rel}","templated":true}]}}