{"id":10462,"date":"2025-04-21T19:36:52","date_gmt":"2025-04-22T00:36:52","guid":{"rendered":"https:\/\/mazmanuelaalvarez.com\/?post_type=product&#038;p=10462"},"modified":"2025-07-15T11:43:01","modified_gmt":"2025-07-15T16:43:01","slug":"vestido-camisero-capa-cruzada-copy","status":"publish","type":"product","link":"https:\/\/mazmanuelaalvarez.com\/es\/producto\/vestido-camisero-capa-cruzada-copy\/","title":{"rendered":"VESTIDO CAMISERO CAPA CRUZADA"},"content":{"rendered":"","protected":false},"excerpt":{"rendered":"<p><span style=\"font-weight: 400;\">Una reinterpretaci\u00f3n de la cl\u00e1sica y perfecta camisa blanca. Confeccionada en 100% ray\u00f3n, su dise\u00f1o se destaca por el vuelo que generan sus aperturas en la parte delantera y trasera. La ca\u00edda sim\u00e9trica en ambos lados aporta un movimiento a la prenda al caminar. Es un easy piece, para crear un look sencillo y vers\u00e1til.<\/span><\/p>\n","protected":false},"featured_media":10476,"comment_status":"closed","ping_status":"closed","template":"","meta":[],"product_cat":[240,216,165],"product_tag":[252,217],"class_list":{"0":"post-10462","1":"product","2":"type-product","3":"status-publish","4":"has-post-thumbnail","6":"product_cat-la-alquimista-es","7":"product_cat-vestidos-es","8":"product_cat-camisas","9":"product_tag-camisero","10":"product_tag-vestidos","12":"first","13":"instock","14":"featured","15":"shipping-taxable","16":"purchasable","17":"product-type-variable"},"_links":{"self":[{"href":"https:\/\/mazmanuelaalvarez.com\/es\/wp-json\/wp\/v2\/product\/10462","targetHints":{"allow":["GET"]}}],"collection":[{"href":"https:\/\/mazmanuelaalvarez.com\/es\/wp-json\/wp\/v2\/product"}],"about":[{"href":"https:\/\/mazmanuelaalvarez.com\/es\/wp-json\/wp\/v2\/types\/product"}],"replies":[{"embeddable":true,"href":"https:\/\/mazmanuelaalvarez.com\/es\/wp-json\/wp\/v2\/comments?post=10462"}],"wp:featuredmedia":[{"embeddable":true,"href":"https:\/\/mazmanuelaalvarez.com\/es\/wp-json\/wp\/v2\/media\/10476"}],"wp:attachment":[{"href":"https:\/\/mazmanuelaalvarez.com\/es\/wp-json\/wp\/v2\/media?parent=10462"}],"wp:term":[{"taxonomy":"product_cat","embeddable":true,"href":"https:\/\/mazmanuelaalvarez.com\/es\/wp-json\/wp\/v2\/product_cat?post=10462"},{"taxonomy":"product_tag","embeddable":true,"href":"https:\/\/mazmanuelaalvarez.com\/es\/wp-json\/wp\/v2\/product_tag?post=10462"}],"curies":[{"name":"wp","href":"https:\/\/api.w.org\/{rel}","templated":true}]}}