{"id":10338,"date":"2025-04-21T19:36:52","date_gmt":"2025-04-22T00:36:52","guid":{"rendered":"https:\/\/mazmanuelaalvarez.com\/?post_type=product&#038;p=10338"},"modified":"2025-04-21T19:36:53","modified_gmt":"2025-04-22T00:36:53","slug":"saco-tejido-trenzas-largas-copy-2","status":"publish","type":"product","link":"https:\/\/mazmanuelaalvarez.com\/es\/producto\/saco-tejido-trenzas-largas-copy-2\/","title":{"rendered":"SACO TEJIDO TRENZAS LARGAS"},"content":{"rendered":"","protected":false},"excerpt":{"rendered":"<p><span style=\"font-weight: 400;\">Una silueta oversize, c\u00f3moda y vers\u00e1til elaborada en m\u00e1quina manual de tejido de punto. Las trenzas tubulares, tejidas 100% a mano que caen desde el hombro izquierdo, son un s\u00edmbolo del cual nos inspiramos para transmitir poder, sabidur\u00eda e identidad. Los pu\u00f1os en tejido acorde\u00f3n, caracter\u00edsticos de las piezas de MAZ aportan textura y contraste, completando una prenda que puede transformarse en una pieza tanto elegante como casual y fresca.<\/span><\/p>\n","protected":false},"featured_media":10344,"comment_status":"closed","ping_status":"closed","template":"","meta":[],"product_cat":[240,164,155],"product_tag":[254,243],"class_list":{"0":"post-10338","1":"product","2":"type-product","3":"status-publish","4":"has-post-thumbnail","6":"product_cat-la-alquimista-es","7":"product_cat-tejido-de-punto","8":"product_cat-sacos","9":"product_tag-sacos","10":"product_tag-tejido-de-punto","12":"first","13":"instock","14":"featured","15":"shipping-taxable","16":"purchasable","17":"product-type-variable"},"_links":{"self":[{"href":"https:\/\/mazmanuelaalvarez.com\/es\/wp-json\/wp\/v2\/product\/10338","targetHints":{"allow":["GET"]}}],"collection":[{"href":"https:\/\/mazmanuelaalvarez.com\/es\/wp-json\/wp\/v2\/product"}],"about":[{"href":"https:\/\/mazmanuelaalvarez.com\/es\/wp-json\/wp\/v2\/types\/product"}],"replies":[{"embeddable":true,"href":"https:\/\/mazmanuelaalvarez.com\/es\/wp-json\/wp\/v2\/comments?post=10338"}],"wp:featuredmedia":[{"embeddable":true,"href":"https:\/\/mazmanuelaalvarez.com\/es\/wp-json\/wp\/v2\/media\/10344"}],"wp:attachment":[{"href":"https:\/\/mazmanuelaalvarez.com\/es\/wp-json\/wp\/v2\/media?parent=10338"}],"wp:term":[{"taxonomy":"product_cat","embeddable":true,"href":"https:\/\/mazmanuelaalvarez.com\/es\/wp-json\/wp\/v2\/product_cat?post=10338"},{"taxonomy":"product_tag","embeddable":true,"href":"https:\/\/mazmanuelaalvarez.com\/es\/wp-json\/wp\/v2\/product_tag?post=10338"}],"curies":[{"name":"wp","href":"https:\/\/api.w.org\/{rel}","templated":true}]}}