{"id":10294,"date":"2025-04-21T19:36:53","date_gmt":"2025-04-22T00:36:53","guid":{"rendered":"https:\/\/mazmanuelaalvarez.com\/?post_type=product&#038;p=10294"},"modified":"2025-07-04T18:06:52","modified_gmt":"2025-07-04T23:06:52","slug":"camisa-con-alas-desestructuradas-copy-2","status":"publish","type":"product","link":"https:\/\/mazmanuelaalvarez.com\/es\/producto\/camisa-con-alas-desestructuradas-copy-2\/","title":{"rendered":"CAMISA ALAS"},"content":{"rendered":"","protected":false},"excerpt":{"rendered":"<p><span style=\"font-weight: 400;\">Una reinterpretaci\u00f3n de una camisa cl\u00e1sica, inspirada en el vuelo de las aves. Confeccionada en 100% en algod\u00f3n peruano pima, sus paneles laterales evocan el movimiento de las alas, aportando dinamismo y fluidez, mientras sus bordes trabajados con precisi\u00f3n a 0.5 cm a\u00f1aden textura y volumen. Una prenda vers\u00e1til que refleja la libertad y fuerza de los animales de poder. <\/span><\/p>\n","protected":false},"featured_media":10320,"comment_status":"closed","ping_status":"closed","template":"","meta":[],"product_cat":[240,165],"product_tag":[245],"class_list":{"0":"post-10294","1":"product","2":"type-product","3":"status-publish","4":"has-post-thumbnail","6":"product_cat-la-alquimista-es","7":"product_cat-camisas","8":"product_tag-tops-es","10":"first","11":"instock","12":"featured","13":"shipping-taxable","14":"purchasable","15":"product-type-variable"},"_links":{"self":[{"href":"https:\/\/mazmanuelaalvarez.com\/es\/wp-json\/wp\/v2\/product\/10294","targetHints":{"allow":["GET"]}}],"collection":[{"href":"https:\/\/mazmanuelaalvarez.com\/es\/wp-json\/wp\/v2\/product"}],"about":[{"href":"https:\/\/mazmanuelaalvarez.com\/es\/wp-json\/wp\/v2\/types\/product"}],"replies":[{"embeddable":true,"href":"https:\/\/mazmanuelaalvarez.com\/es\/wp-json\/wp\/v2\/comments?post=10294"}],"wp:featuredmedia":[{"embeddable":true,"href":"https:\/\/mazmanuelaalvarez.com\/es\/wp-json\/wp\/v2\/media\/10320"}],"wp:attachment":[{"href":"https:\/\/mazmanuelaalvarez.com\/es\/wp-json\/wp\/v2\/media?parent=10294"}],"wp:term":[{"taxonomy":"product_cat","embeddable":true,"href":"https:\/\/mazmanuelaalvarez.com\/es\/wp-json\/wp\/v2\/product_cat?post=10294"},{"taxonomy":"product_tag","embeddable":true,"href":"https:\/\/mazmanuelaalvarez.com\/es\/wp-json\/wp\/v2\/product_tag?post=10294"}],"curies":[{"name":"wp","href":"https:\/\/api.w.org\/{rel}","templated":true}]}}