{"id":10216,"date":"2025-04-21T19:36:53","date_gmt":"2025-04-22T00:36:53","guid":{"rendered":"https:\/\/mazmanuelaalvarez.com\/?post_type=product&#038;p=10216"},"modified":"2025-04-21T19:36:53","modified_gmt":"2025-04-22T00:36:53","slug":"blazer-surcos-cuero-copy-2","status":"publish","type":"product","link":"https:\/\/mazmanuelaalvarez.com\/es\/producto\/blazer-surcos-cuero-copy-2\/","title":{"rendered":"BLAZER SURCOS CUERO"},"content":{"rendered":"","protected":false},"excerpt":{"rendered":"<p><span style=\"font-weight: 400;\">La silueta cl\u00e1sica genderless de blazer es reinterpretada bajo la esencia de MAZ. Confeccionado 100% en cuero colombiano, destaca por su arquitectura en fuelles en V presentes tanto al frente como en la parte posterior, que contrastan con sus mangas en silueta de caracol de cortes y pinzas en el centro del brazo. El cuello redondeado estilo balmacaan fusiona una sensaci\u00f3n minimalista pero contempor\u00e1nea, mientras el forro en ray\u00f3n aporta comodidad y frescura.<\/span><\/p>\n","protected":false},"featured_media":10230,"comment_status":"closed","ping_status":"closed","template":"","meta":[],"product_cat":[240,163],"product_tag":[256,253],"class_list":{"0":"post-10216","1":"product","2":"type-product","3":"status-publish","4":"has-post-thumbnail","6":"product_cat-la-alquimista-es","7":"product_cat-abrigos-y-chaquetas","8":"product_tag-blazer-es","9":"product_tag-chaquetas","11":"first","12":"instock","13":"shipping-taxable","14":"purchasable","15":"product-type-variable"},"_links":{"self":[{"href":"https:\/\/mazmanuelaalvarez.com\/es\/wp-json\/wp\/v2\/product\/10216","targetHints":{"allow":["GET"]}}],"collection":[{"href":"https:\/\/mazmanuelaalvarez.com\/es\/wp-json\/wp\/v2\/product"}],"about":[{"href":"https:\/\/mazmanuelaalvarez.com\/es\/wp-json\/wp\/v2\/types\/product"}],"replies":[{"embeddable":true,"href":"https:\/\/mazmanuelaalvarez.com\/es\/wp-json\/wp\/v2\/comments?post=10216"}],"wp:featuredmedia":[{"embeddable":true,"href":"https:\/\/mazmanuelaalvarez.com\/es\/wp-json\/wp\/v2\/media\/10230"}],"wp:attachment":[{"href":"https:\/\/mazmanuelaalvarez.com\/es\/wp-json\/wp\/v2\/media?parent=10216"}],"wp:term":[{"taxonomy":"product_cat","embeddable":true,"href":"https:\/\/mazmanuelaalvarez.com\/es\/wp-json\/wp\/v2\/product_cat?post=10216"},{"taxonomy":"product_tag","embeddable":true,"href":"https:\/\/mazmanuelaalvarez.com\/es\/wp-json\/wp\/v2\/product_tag?post=10216"}],"curies":[{"name":"wp","href":"https:\/\/api.w.org\/{rel}","templated":true}]}}