{"id":10051,"date":"2025-04-21T19:36:54","date_gmt":"2025-04-22T00:36:54","guid":{"rendered":"https:\/\/mazmanuelaalvarez.com\/?post_type=product&#038;p=10051"},"modified":"2025-04-21T19:36:54","modified_gmt":"2025-04-22T00:36:54","slug":"vestido-largo-de-corte-tulipan-copy-2","status":"publish","type":"product","link":"https:\/\/mazmanuelaalvarez.com\/es\/producto\/vestido-largo-de-corte-tulipan-copy-2\/","title":{"rendered":"VESTIDO LARGO DE CORTE TULIPA\u0301N"},"content":{"rendered":"","protected":false},"excerpt":{"rendered":"<p><span style=\"font-weight: 400;\">Vestido largo con una silueta cl\u00e1sica realizada por su corte de forma tulip\u00e1n. Confeccionado en rib de algod\u00f3n, transforma su textura gracias a un delicado alforzado hecho a mano cada 0.5 cm a lo largo de toda la prenda. La abertura profunda en la pierna derecha aporta movimiento al caminar, mientras que en la espalda se luce una sutil apertura en forma de gota, realzada por un bot\u00f3n marcado de concha de n\u00e1car. <\/span><\/p>\n","protected":false},"featured_media":10138,"comment_status":"closed","ping_status":"closed","template":"","meta":[],"product_cat":[240,216],"product_tag":[217],"class_list":{"0":"post-10051","1":"product","2":"type-product","3":"status-publish","4":"has-post-thumbnail","6":"product_cat-la-alquimista-es","7":"product_cat-vestidos-es","8":"product_tag-vestidos","10":"first","11":"instock","12":"featured","13":"shipping-taxable","14":"purchasable","15":"product-type-variable"},"_links":{"self":[{"href":"https:\/\/mazmanuelaalvarez.com\/es\/wp-json\/wp\/v2\/product\/10051","targetHints":{"allow":["GET"]}}],"collection":[{"href":"https:\/\/mazmanuelaalvarez.com\/es\/wp-json\/wp\/v2\/product"}],"about":[{"href":"https:\/\/mazmanuelaalvarez.com\/es\/wp-json\/wp\/v2\/types\/product"}],"replies":[{"embeddable":true,"href":"https:\/\/mazmanuelaalvarez.com\/es\/wp-json\/wp\/v2\/comments?post=10051"}],"wp:featuredmedia":[{"embeddable":true,"href":"https:\/\/mazmanuelaalvarez.com\/es\/wp-json\/wp\/v2\/media\/10138"}],"wp:attachment":[{"href":"https:\/\/mazmanuelaalvarez.com\/es\/wp-json\/wp\/v2\/media?parent=10051"}],"wp:term":[{"taxonomy":"product_cat","embeddable":true,"href":"https:\/\/mazmanuelaalvarez.com\/es\/wp-json\/wp\/v2\/product_cat?post=10051"},{"taxonomy":"product_tag","embeddable":true,"href":"https:\/\/mazmanuelaalvarez.com\/es\/wp-json\/wp\/v2\/product_tag?post=10051"}],"curies":[{"name":"wp","href":"https:\/\/api.w.org\/{rel}","templated":true}]}}