{"id":5114,"date":"2023-10-02T06:17:19","date_gmt":"2023-10-02T11:17:19","guid":{"rendered":"https:\/\/mazmanuelaalvarez.com\/nuestro-espacio\/"},"modified":"2026-02-05T12:43:33","modified_gmt":"2026-02-05T17:43:33","slug":"nuestro-espacio","status":"publish","type":"page","link":"https:\/\/mazmanuelaalvarez.com\/es\/inicio\/nuestro-espacio\/","title":{"rendered":"Galer\u00eda MAZ"},"content":{"rendered":"<div class=\"row row-collapse row-full-width\"  id=\"row-218618139\">\n\n\t<div id=\"col-171161997\" class=\"col medium-6 small-12 large-6\"  >\n\t\t\t\t<div class=\"col-inner\"  >\n\t\t\t\n\t\t\t\n\n  <div class=\"banner has-hover\" id=\"banner-1684809204\">\n          <div class=\"banner-inner fill\">\n        <div class=\"banner-bg fill\" >\n            <img loading=\"lazy\" decoding=\"async\" width=\"2048\" height=\"1365\" src=\"https:\/\/mazmanuelaalvarez.com\/wp-content\/uploads\/2026\/02\/V-2048x1365.png\" class=\"bg attachment-2048x2048 size-2048x2048\" alt=\"\" \/>                                    \n                    <\/div>\n\t\t\n        <div class=\"banner-layers container\">\n            <div class=\"fill banner-link\"><\/div>            \n   <div id=\"text-box-1210054578\" class=\"text-box banner-layer x50 md-x50 lg-x50 y50 md-y50 lg-y50 res-text\">\n                                <div class=\"text-box-content text dark\">\n              \n              <div class=\"text-inner text-center\">\n                  \n              <\/div>\n           <\/div>\n                            \n<style>\n#text-box-1210054578 {\n  width: 60%;\n}\n#text-box-1210054578 .text-box-content {\n  font-size: 100%;\n}\n@media (min-width:550px) {\n  #text-box-1210054578 {\n    width: 60%;\n  }\n}\n<\/style>\n    <\/div>\n \n        <\/div>\n      <\/div>\n\n            \n<style>\n#banner-1684809204 {\n  padding-top: 120%;\n}\n#banner-1684809204 .banner-bg img {\n  object-position: 17% 50%;\n}\n<\/style>\n  <\/div>\n\n\n\t\t<\/div>\n\t\t\t\t\t<\/div>\n\n\t\n\n\t<div id=\"col-2032689296\" class=\"col medium-6 small-12 large-6\"  >\n\t\t\t\t<div class=\"col-inner\"  >\n\t\t\t\n\t\t\t\n\n  <div class=\"banner has-hover\" id=\"banner-1550654468\">\n          <div class=\"banner-inner fill\">\n        <div class=\"banner-bg fill\" >\n                                                \n                    <\/div>\n\t\t\n        <div class=\"banner-layers container\">\n            <div class=\"fill banner-link\"><\/div>            \n   <div id=\"text-box-589853184\" class=\"text-box banner-layer x50 md-x50 lg-x50 y90 md-y20 lg-y20 res-text\">\n                                <div class=\"text-box-content text dark\">\n              \n              <div class=\"text-inner text-center\">\n                  \n\t<div id=\"text-2477808735\" class=\"text\">\n\t\t\n<h2><strong>MAZ FLAGSHIP STORE<\/strong><\/h2>\n\t\t\n<style>\n#text-2477808735 {\n  font-size: 0.75rem;\n  text-align: left;\n  color: rgb(255,255,255);\n}\n#text-2477808735 > * {\n  color: rgb(255,255,255);\n}\n@media (min-width:550px) {\n  #text-2477808735 {\n    font-size: 1rem;\n  }\n}\n<\/style>\n\t<\/div>\n\t\n\t<div id=\"gap-1575351269\" class=\"gap-element clearfix\" style=\"display:block; height:auto;\">\n\t\t\n<style>\n#gap-1575351269 {\n  padding-top: 20px;\n}\n<\/style>\n\t<\/div>\n\t\n\t<div id=\"text-1177919262\" class=\"text\">\n\t\t\n<p>Donde convergen diferentes perspectivas est\u00e9ticas funcionales desarrolladas a partir de la exploraci\u00f3n textil, los oficios manuales, y la intervenci\u00f3n de espacios.<\/p>\n<p>Somos dos estudios de autor con lenguajes propios que se unen, para crear la primera galer\u00eda de dise\u00f1o del pa\u00eds en donde navegamos los universos del mobiliario, la moda y los objetos decorativos.<\/p>\n<p>EST. 2023<br \/>\n\t\t\n<style>\n#text-1177919262 {\n  font-size: 0.9rem;\n  text-align: left;\n  color: rgb(255,255,255);\n}\n#text-1177919262 > * {\n  color: rgb(255,255,255);\n}\n<\/style>\n\t<\/div>\n\t\n              <\/div>\n           <\/div>\n                            \n<style>\n#text-box-589853184 {\n  width: 74%;\n}\n#text-box-589853184 .text-box-content {\n  font-size: 100%;\n}\n<\/style>\n    <\/div>\n \n        <\/div>\n      <\/div>\n\n            \n<style>\n#banner-1550654468 {\n  padding-top: 145%;\n  background-color: rgb(0,0,0);\n}\n@media (min-width:550px) {\n  #banner-1550654468 {\n    padding-top: 120%;\n  }\n}\n<\/style>\n  <\/div>\n\n\n\t\t<\/div>\n\t\t\t\t\t<\/div>\n\n\t\n<\/div>\n\n","protected":false},"excerpt":{"rendered":"","protected":false},"author":1,"featured_media":0,"parent":5104,"menu_order":6,"comment_status":"closed","ping_status":"closed","template":"page-blank.php","meta":{"footnotes":""},"class_list":["post-5114","page","type-page","status-publish","hentry"],"_links":{"self":[{"href":"https:\/\/mazmanuelaalvarez.com\/es\/wp-json\/wp\/v2\/pages\/5114","targetHints":{"allow":["GET"]}}],"collection":[{"href":"https:\/\/mazmanuelaalvarez.com\/es\/wp-json\/wp\/v2\/pages"}],"about":[{"href":"https:\/\/mazmanuelaalvarez.com\/es\/wp-json\/wp\/v2\/types\/page"}],"author":[{"embeddable":true,"href":"https:\/\/mazmanuelaalvarez.com\/es\/wp-json\/wp\/v2\/users\/1"}],"replies":[{"embeddable":true,"href":"https:\/\/mazmanuelaalvarez.com\/es\/wp-json\/wp\/v2\/comments?post=5114"}],"version-history":[{"count":17,"href":"https:\/\/mazmanuelaalvarez.com\/es\/wp-json\/wp\/v2\/pages\/5114\/revisions"}],"predecessor-version":[{"id":14718,"href":"https:\/\/mazmanuelaalvarez.com\/es\/wp-json\/wp\/v2\/pages\/5114\/revisions\/14718"}],"up":[{"embeddable":true,"href":"https:\/\/mazmanuelaalvarez.com\/es\/wp-json\/wp\/v2\/pages\/5104"}],"wp:attachment":[{"href":"https:\/\/mazmanuelaalvarez.com\/es\/wp-json\/wp\/v2\/media?parent=5114"}],"curies":[{"name":"wp","href":"https:\/\/api.w.org\/{rel}","templated":true}]}}